{"id":11850,"date":"2016-06-24T12:08:02","date_gmt":"2016-06-24T12:08:02","guid":{"rendered":"http:\/\/template.cmsmasters.net\/?page_id=11850"},"modified":"2021-04-16T18:04:01","modified_gmt":"2021-04-16T18:04:01","slug":"contacto","status":"publish","type":"page","link":"https:\/\/manitascordoba.com\/index.php\/contacto\/","title":{"rendered":"Contacto"},"content":{"rendered":"<div id=\"cmsmasters_row_qindynn06s\" class=\"cmsmasters_row cmsmasters_color_scheme_default cmsmasters_row_top_default cmsmasters_row_bot_default cmsmasters_row_boxed\">\n<div class=\"cmsmasters_row_outer_parent\">\n<div class=\"cmsmasters_row_outer\">\n<div class=\"cmsmasters_row_inner cmsmasters_row_no_margin\">\n<div class=\"cmsmasters_row_margin\">\n<div id=\"cmsmasters_column_pe4bxvmicv\" class=\"cmsmasters_column one_third\">\n<div class=\"cmsmasters_column_inner\"><div id=\"cmsmasters_heading_cnrzppl1\" class=\"cmsmasters_heading_wrap cmsmasters_heading_align_left\">\n\t<h2 class=\"cmsmasters_heading\">Informaci\u00f3n de Contacto<\/h2>\n<\/div><ul id=\"cmsmasters_icon_list_items_9zi0xah5g7\" class=\"cmsmasters_icon_list_items cmsmasters_icon_list_type_list\"><li id=\"cmsmasters_icon_list_item_at3fmfa8g6\" class=\"cmsmasters_icon_list_item cmsmasters-icon-location-3\">Calle Damasco, 1. C\u00f3rdoba, 14005<\/li><li id=\"cmsmasters_icon_list_item_9mf782gucy\" class=\"cmsmasters_icon_list_item cmsmasters-icon-mail-3\"><a href=\"mailto:#\">info@manitascordoba.com<\/a><\/li><li id=\"cmsmasters_icon_list_item_w1ct9is2w7\" class=\"cmsmasters_icon_list_item cmsmasters-icon-phone-alt\">Ll\u00e1manos: 634 853 618<\/li><\/ul><div id=\"cmsmasters_heading_qm3zlxuk6k\" class=\"cmsmasters_heading_wrap cmsmasters_heading_align_left\">\n\t<h2 class=\"cmsmasters_heading\">Horario<\/h2>\n<\/div><ul id=\"cmsmasters_icon_list_items_jw2pknt9oj\" class=\"cmsmasters_icon_list_items cmsmasters_icon_list_type_list\"><li id=\"cmsmasters_icon_list_item_wqiklqbqua\" class=\"cmsmasters_icon_list_item cmsmasters-icon-time\"><a href=\"\">Lun - Vie: 8:00 \u2013 14:00 y 16:00 - 21:00<\/a><\/li><li id=\"cmsmasters_icon_list_item_9z5wttg24n\" class=\"cmsmasters_icon_list_item cmsmasters-icon-time\">S\u00e1b: 08:00 \u2013 16:00<\/li><\/ul>\n<div id=\"cmsmasters_divider_3xpiistu68\" class=\"cl\"><\/div>\n<\/div><\/div>\n<div id=\"cmsmasters_column_3d539ak6hf\" class=\"cmsmasters_column two_third\">\n<div class=\"cmsmasters_column_inner\"><div id=\"cmsmasters_heading_p8ud7ltikw\" class=\"cmsmasters_heading_wrap cmsmasters_heading_align_center\">\n\t<h2 class=\"cmsmasters_heading\">\u00a1Env\u00edanos un mensaje!<\/h2>\n<\/div>\n<div class=\"cmsmasters_contact_form contact-form-7 id=\u203314414\u2033 title=\u2033Formulario Contacto\u2033\"><div role=\"form\" class=\"wpcf7\" id=\"wpcf7-f14414-o1\" lang=\"en-US\" dir=\"ltr\">\n<div class=\"screen-reader-response\"><p role=\"status\" aria-live=\"polite\" aria-atomic=\"true\"><\/p> <ul><\/ul><\/div>\n<form action=\"\/index.php\/wp-json\/wp\/v2\/pages\/11850#wpcf7-f14414-o1\" method=\"post\" class=\"wpcf7-form init\" novalidate=\"novalidate\" data-status=\"init\">\n<div style=\"display: none;\">\n<input type=\"hidden\" name=\"_wpcf7\" value=\"14414\" \/>\n<input type=\"hidden\" name=\"_wpcf7_version\" value=\"5.5.6.1\" \/>\n<input type=\"hidden\" name=\"_wpcf7_locale\" value=\"en_US\" \/>\n<input type=\"hidden\" name=\"_wpcf7_unit_tag\" value=\"wpcf7-f14414-o1\" \/>\n<input type=\"hidden\" name=\"_wpcf7_container_post\" value=\"0\" \/>\n<input type=\"hidden\" name=\"_wpcf7_posted_data_hash\" value=\"\" \/>\n<input type=\"hidden\" name=\"_wpcf7_recaptcha_response\" value=\"\" \/>\n<\/div>\n<p><label> Nombre (obligatorio)<br \/>\n    <span class=\"wpcf7-form-control-wrap your-name\"><input type=\"text\" name=\"your-name\" value=\"\" size=\"40\" class=\"wpcf7-form-control wpcf7-text wpcf7-validates-as-required\" aria-required=\"true\" aria-invalid=\"false\" \/><\/span> <\/label><\/p>\n<p><label> Tel\u00e9fono (obligatorio)<br \/>\n    <span class=\"wpcf7-form-control-wrap phone\"><input type=\"tel\" name=\"phone\" value=\"\" size=\"40\" class=\"wpcf7-form-control wpcf7-text wpcf7-tel wpcf7-validates-as-required wpcf7-validates-as-tel\" aria-required=\"true\" aria-invalid=\"false\" \/><\/span> <\/label><\/p>\n<p><label> Email<br \/>\n    <span class=\"wpcf7-form-control-wrap your-email\"><input type=\"email\" name=\"your-email\" value=\"\" size=\"40\" class=\"wpcf7-form-control wpcf7-text wpcf7-email wpcf7-validates-as-required wpcf7-validates-as-email\" aria-required=\"true\" aria-invalid=\"false\" \/><\/span> <\/label><\/p>\n<p><label> Mensaje<br \/>\n    <span class=\"wpcf7-form-control-wrap your-menssage\"><textarea name=\"your-menssage\" cols=\"40\" rows=\"10\" class=\"wpcf7-form-control wpcf7-textarea\" aria-invalid=\"false\"><\/textarea><\/span> <\/label><\/p>\n<p><span class=\"wpcf7-form-control-wrap acceptance-946\"><span class=\"wpcf7-form-control wpcf7-acceptance\"><span class=\"wpcf7-list-item\"><label><input type=\"checkbox\" name=\"acceptance-946\" value=\"1\" aria-invalid=\"false\" \/><span class=\"wpcf7-list-item-label\">He le\u00eddo y acepto la <a href=\"https:\/\/manitascordoba.com\/index.php\/privacy-policy\/\">pol\u00edtica de privacidad<\/a><\/span><\/label><\/span><\/span><\/span><\/p>\n<p><input type=\"submit\" value=\"\u00a1Enviar!\" class=\"wpcf7-form-control has-spinner wpcf7-submit\" \/><\/p>\n<p style=\"display: none !important;\" class=\"akismet-fields-container\" data-prefix=\"_wpcf7_ak_\"><label>&#916;<textarea name=\"_wpcf7_ak_hp_textarea\" cols=\"45\" rows=\"8\" maxlength=\"100\"><\/textarea><\/label><input type=\"hidden\" id=\"ak_js_1\" name=\"_wpcf7_ak_js\" value=\"195\"\/><script>document.getElementById( \"ak_js_1\" ).setAttribute( \"value\", ( new Date() ).getTime() );<\/script><\/p><div class=\"wpcf7-response-output\" aria-hidden=\"true\"><\/div><\/form><\/div><\/div>\n<\/div><\/div>\n<\/div>\n<\/div>\n<\/div>\n<\/div>\n<\/div>\n<div id=\"cmsmasters_row_reiuzgfe1d\" class=\"cmsmasters_row cmsmasters_color_scheme_default cmsmasters_row_top_default cmsmasters_row_bot_default cmsmasters_row_boxed\">\n<div class=\"cmsmasters_row_outer_parent\">\n<div class=\"cmsmasters_row_outer\">\n<div class=\"cmsmasters_row_inner\">\n<div class=\"cmsmasters_row_margin\">\n<div id=\"cmsmasters_column_rnrw449o2n\" class=\"cmsmasters_column one_half\">\n<div class=\"cmsmasters_column_inner\"><div class=\"cmsmasters_text\">\n<div class=\"cmsmasters_text\">\n<h4><em><span style=\"color: #0f3664; font-size: 28px; line-height: 40px; font-weight: normal;\"><span style=\"color: #0f3664; font-weight: normal;\">Tu <\/span><strong style=\"color: #0f3664; font-weight: bold;\">Tiempo<\/strong>\u00a0<\/span><span style=\"color: #0f3664; font-size: 28px; line-height: 40px; font-weight: normal;\"><span style=\"color: #0f3664; font-weight: normal;\">es Oro<\/span><\/span><span style=\"color: #0f3664; font-size: 28px; line-height: 40px; font-weight: normal;\"><strong style=\"color: #0f3664; font-weight: normal;\">.<\/strong><span style=\"color: #0f3664;\"><span style=\"font-weight: normal;\"> Invierte en <\/span><\/span><strong style=\"color: #0f3664; font-weight: bold;\">Ti. <\/strong>Conf\u00eda en<strong style=\"color: #0f3664; font-weight: bold;\"> Nosotros<\/strong><\/span><\/em><\/h4>\n<\/div>\n<\/div>\n<\/div><\/div>\n<div id=\"cmsmasters_column_qzhly74rdq\" class=\"cmsmasters_column one_half\">\n<div class=\"cmsmasters_column_inner\"><div id=\"cmsmasters_button_1f0cdi0xyp\" class=\"button_wrap\"><a href=\"https:\/\/manitascordoba.com\/index.php\/quienes-somos\/\" class=\"cmsmasters_button\"><span>\u00a1Con\u00f3cenos!<\/span><\/a><\/div>\n<\/div><\/div>\n<\/div>\n<\/div>\n<\/div>\n<\/div>\n<\/div>\n\n","protected":false},"excerpt":{"rendered":"","protected":false},"author":1,"featured_media":0,"parent":0,"menu_order":0,"comment_status":"closed","ping_status":"closed","template":"","meta":[],"yoast_head":"<!-- This site is optimized with the Yoast SEO plugin v19.4 - https:\/\/yoast.com\/wordpress\/plugins\/seo\/ -->\n<title>Contacto - Manitas C\u00f3rdoba<\/title>\n<meta name=\"description\" content=\"\u00a1Somos la empresa que buscas! Multiservicios y manitas en C\u00f3rdoba. Desde cambiar un enchufe o instalar persianas hasta reformar cocina y ba\u00f1o\" \/>\n<meta name=\"robots\" content=\"index, follow, max-snippet:-1, max-image-preview:large, max-video-preview:-1\" \/>\n<link rel=\"canonical\" href=\"https:\/\/manitascordoba.com\/index.php\/contacto\/\" \/>\n<meta property=\"og:locale\" content=\"es_ES\" \/>\n<meta property=\"og:type\" content=\"article\" \/>\n<meta property=\"og:title\" content=\"Contacto - Manitas C\u00f3rdoba\" \/>\n<meta property=\"og:description\" content=\"\u00a1Somos la empresa que buscas! Multiservicios y manitas en C\u00f3rdoba. Desde cambiar un enchufe o instalar persianas hasta reformar cocina y ba\u00f1o\" \/>\n<meta property=\"og:url\" content=\"https:\/\/manitascordoba.com\/index.php\/contacto\/\" \/>\n<meta property=\"og:site_name\" content=\"Manitas C\u00f3rdoba\" \/>\n<meta property=\"article:publisher\" content=\"https:\/\/www.facebook.com\/Manitas-C%c3%b3rdoba-101867028711573\" \/>\n<meta property=\"article:modified_time\" content=\"2021-04-16T18:04:01+00:00\" \/>\n<meta property=\"og:image\" content=\"https:\/\/manitascordoba.com\/wp-content\/uploads\/2021\/04\/cropped-favicon.png\" \/>\n\t<meta property=\"og:image:width\" content=\"512\" \/>\n\t<meta property=\"og:image:height\" content=\"512\" \/>\n\t<meta property=\"og:image:type\" content=\"image\/png\" \/>\n<meta name=\"twitter:card\" content=\"summary_large_image\" \/>\n<meta name=\"twitter:label1\" content=\"Tiempo de lectura\" \/>\n\t<meta name=\"twitter:data1\" content=\"1 minuto\" \/>\n<script type=\"application\/ld+json\" class=\"yoast-schema-graph\">{\"@context\":\"https:\/\/schema.org\",\"@graph\":[{\"@type\":\"Organization\",\"@id\":\"https:\/\/manitascordoba.com\/#organization\",\"name\":\"Manitas C\u00f3rdoba\",\"url\":\"https:\/\/manitascordoba.com\/\",\"sameAs\":[\"https:\/\/www.facebook.com\/Manitas-C\u00f3rdoba-101867028711573\"],\"logo\":{\"@type\":\"ImageObject\",\"inLanguage\":\"es\",\"@id\":\"https:\/\/manitascordoba.com\/#\/schema\/logo\/image\/\",\"url\":\"https:\/\/manitascordoba.com\/wp-content\/uploads\/2021\/03\/logo-web-rs-1.png\",\"contentUrl\":\"https:\/\/manitascordoba.com\/wp-content\/uploads\/2021\/03\/logo-web-rs-1.png\",\"width\":500,\"height\":108,\"caption\":\"Manitas C\u00f3rdoba\"},\"image\":{\"@id\":\"https:\/\/manitascordoba.com\/#\/schema\/logo\/image\/\"}},{\"@type\":\"WebSite\",\"@id\":\"https:\/\/manitascordoba.com\/#website\",\"url\":\"https:\/\/manitascordoba.com\/\",\"name\":\"Manitas C\u00f3rdoba\",\"description\":\"Profesionales para reformas, instalaciones de placas solares fotovoltaicas, climatizaci\u00f3n del hogar y multiservicios (servicio de manitas). Desde montar un mueble o cambiar un enchufe hasta reformar tu ba\u00f1o o cocina. \u00a1Pide presupuesto sin compromiso!\",\"publisher\":{\"@id\":\"https:\/\/manitascordoba.com\/#organization\"},\"potentialAction\":[{\"@type\":\"SearchAction\",\"target\":{\"@type\":\"EntryPoint\",\"urlTemplate\":\"https:\/\/manitascordoba.com\/?s={search_term_string}\"},\"query-input\":\"required name=search_term_string\"}],\"inLanguage\":\"es\"},{\"@type\":\"WebPage\",\"@id\":\"https:\/\/manitascordoba.com\/index.php\/contacto\/\",\"url\":\"https:\/\/manitascordoba.com\/index.php\/contacto\/\",\"name\":\"Contacto - Manitas C\u00f3rdoba\",\"isPartOf\":{\"@id\":\"https:\/\/manitascordoba.com\/#website\"},\"datePublished\":\"2016-06-24T12:08:02+00:00\",\"dateModified\":\"2021-04-16T18:04:01+00:00\",\"description\":\"\u00a1Somos la empresa que buscas! Multiservicios y manitas en C\u00f3rdoba. Desde cambiar un enchufe o instalar persianas hasta reformar cocina y ba\u00f1o\",\"breadcrumb\":{\"@id\":\"https:\/\/manitascordoba.com\/index.php\/contacto\/#breadcrumb\"},\"inLanguage\":\"es\",\"potentialAction\":[{\"@type\":\"ReadAction\",\"target\":[\"https:\/\/manitascordoba.com\/index.php\/contacto\/\"]}]},{\"@type\":\"BreadcrumbList\",\"@id\":\"https:\/\/manitascordoba.com\/index.php\/contacto\/#breadcrumb\",\"itemListElement\":[{\"@type\":\"ListItem\",\"position\":1,\"name\":\"Inicio\",\"item\":\"https:\/\/manitascordoba.com\/\"},{\"@type\":\"ListItem\",\"position\":2,\"name\":\"Contacto\"}]}]}<\/script>\n<!-- \/ Yoast SEO plugin. -->","yoast_head_json":{"title":"Contacto - Manitas C\u00f3rdoba","description":"\u00a1Somos la empresa que buscas! Multiservicios y manitas en C\u00f3rdoba. Desde cambiar un enchufe o instalar persianas hasta reformar cocina y ba\u00f1o","robots":{"index":"index","follow":"follow","max-snippet":"max-snippet:-1","max-image-preview":"max-image-preview:large","max-video-preview":"max-video-preview:-1"},"canonical":"https:\/\/manitascordoba.com\/index.php\/contacto\/","og_locale":"es_ES","og_type":"article","og_title":"Contacto - Manitas C\u00f3rdoba","og_description":"\u00a1Somos la empresa que buscas! Multiservicios y manitas en C\u00f3rdoba. Desde cambiar un enchufe o instalar persianas hasta reformar cocina y ba\u00f1o","og_url":"https:\/\/manitascordoba.com\/index.php\/contacto\/","og_site_name":"Manitas C\u00f3rdoba","article_publisher":"https:\/\/www.facebook.com\/Manitas-C%c3%b3rdoba-101867028711573","article_modified_time":"2021-04-16T18:04:01+00:00","og_image":[{"width":512,"height":512,"url":"https:\/\/manitascordoba.com\/wp-content\/uploads\/2021\/04\/cropped-favicon.png","type":"image\/png"}],"twitter_card":"summary_large_image","twitter_misc":{"Tiempo de lectura":"1 minuto"},"schema":{"@context":"https:\/\/schema.org","@graph":[{"@type":"Organization","@id":"https:\/\/manitascordoba.com\/#organization","name":"Manitas C\u00f3rdoba","url":"https:\/\/manitascordoba.com\/","sameAs":["https:\/\/www.facebook.com\/Manitas-C\u00f3rdoba-101867028711573"],"logo":{"@type":"ImageObject","inLanguage":"es","@id":"https:\/\/manitascordoba.com\/#\/schema\/logo\/image\/","url":"https:\/\/manitascordoba.com\/wp-content\/uploads\/2021\/03\/logo-web-rs-1.png","contentUrl":"https:\/\/manitascordoba.com\/wp-content\/uploads\/2021\/03\/logo-web-rs-1.png","width":500,"height":108,"caption":"Manitas C\u00f3rdoba"},"image":{"@id":"https:\/\/manitascordoba.com\/#\/schema\/logo\/image\/"}},{"@type":"WebSite","@id":"https:\/\/manitascordoba.com\/#website","url":"https:\/\/manitascordoba.com\/","name":"Manitas C\u00f3rdoba","description":"Profesionales para reformas, instalaciones de placas solares fotovoltaicas, climatizaci\u00f3n del hogar y multiservicios (servicio de manitas). Desde montar un mueble o cambiar un enchufe hasta reformar tu ba\u00f1o o cocina. \u00a1Pide presupuesto sin compromiso!","publisher":{"@id":"https:\/\/manitascordoba.com\/#organization"},"potentialAction":[{"@type":"SearchAction","target":{"@type":"EntryPoint","urlTemplate":"https:\/\/manitascordoba.com\/?s={search_term_string}"},"query-input":"required name=search_term_string"}],"inLanguage":"es"},{"@type":"WebPage","@id":"https:\/\/manitascordoba.com\/index.php\/contacto\/","url":"https:\/\/manitascordoba.com\/index.php\/contacto\/","name":"Contacto - Manitas C\u00f3rdoba","isPartOf":{"@id":"https:\/\/manitascordoba.com\/#website"},"datePublished":"2016-06-24T12:08:02+00:00","dateModified":"2021-04-16T18:04:01+00:00","description":"\u00a1Somos la empresa que buscas! Multiservicios y manitas en C\u00f3rdoba. Desde cambiar un enchufe o instalar persianas hasta reformar cocina y ba\u00f1o","breadcrumb":{"@id":"https:\/\/manitascordoba.com\/index.php\/contacto\/#breadcrumb"},"inLanguage":"es","potentialAction":[{"@type":"ReadAction","target":["https:\/\/manitascordoba.com\/index.php\/contacto\/"]}]},{"@type":"BreadcrumbList","@id":"https:\/\/manitascordoba.com\/index.php\/contacto\/#breadcrumb","itemListElement":[{"@type":"ListItem","position":1,"name":"Inicio","item":"https:\/\/manitascordoba.com\/"},{"@type":"ListItem","position":2,"name":"Contacto"}]}]}},"_links":{"self":[{"href":"https:\/\/manitascordoba.com\/index.php\/wp-json\/wp\/v2\/pages\/11850"}],"collection":[{"href":"https:\/\/manitascordoba.com\/index.php\/wp-json\/wp\/v2\/pages"}],"about":[{"href":"https:\/\/manitascordoba.com\/index.php\/wp-json\/wp\/v2\/types\/page"}],"author":[{"embeddable":true,"href":"https:\/\/manitascordoba.com\/index.php\/wp-json\/wp\/v2\/users\/1"}],"replies":[{"embeddable":true,"href":"https:\/\/manitascordoba.com\/index.php\/wp-json\/wp\/v2\/comments?post=11850"}],"version-history":[{"count":37,"href":"https:\/\/manitascordoba.com\/index.php\/wp-json\/wp\/v2\/pages\/11850\/revisions"}],"predecessor-version":[{"id":14827,"href":"https:\/\/manitascordoba.com\/index.php\/wp-json\/wp\/v2\/pages\/11850\/revisions\/14827"}],"wp:attachment":[{"href":"https:\/\/manitascordoba.com\/index.php\/wp-json\/wp\/v2\/media?parent=11850"}],"curies":[{"name":"wp","href":"https:\/\/api.w.org\/{rel}","templated":true}]}}