{"id":12857,"date":"2017-04-04T12:23:13","date_gmt":"2017-04-04T12:23:13","guid":{"rendered":"http:\/\/template.my-church.cmsmasters.net\/?page_id=12857"},"modified":"2021-04-19T17:04:13","modified_gmt":"2021-04-19T17:04:13","slug":"aviso-legal","status":"publish","type":"page","link":"https:\/\/manitascordoba.com\/index.php\/aviso-legal\/","title":{"rendered":"Aviso Legal"},"content":{"rendered":"<div id=\"cmsmasters_row_\" class=\"cmsmasters_row cmsmasters_color_scheme_default cmsmasters_row_top_default cmsmasters_row_bot_default cmsmasters_row_boxed\">\n<div class=\"cmsmasters_row_outer_parent\">\n<div class=\"cmsmasters_row_outer\">\n<div class=\"cmsmasters_row_inner\">\n<div class=\"cmsmasters_row_margin\">\n<div id=\"cmsmasters_column_\" class=\"cmsmasters_column one_first\">\n<div class=\"cmsmasters_column_inner\"><div class=\"cmsmasters_text\">\n<h3>1. IDENTIFICACI\u00d3N<\/h3>\n<p>ManitasCordoba, en cumplimiento de la Ley 34\/2002, de 11 de julio, de Servicios de la Sociedad de la Informaci\u00f3n y de Comercio Electr\u00f3nico, le informa de que:<\/p>\n<p>\u2022\u00a0\u00a0 \u00a0Su denominaci\u00f3n social es: Rafael Ruano Ruano.<br \/>\n\u2022\u00a0\u00a0 \u00a0Su nombre comercial es: ManitasCordoba.<br \/>\n\u2022\u00a0\u00a0 \u00a0Su CIF es: 30949106F.<br \/>\n\u2022\u00a0\u00a0 \u00a0Su domicilio social central est\u00e1 en: C\/ Antonio Maura, 55 1D &#8211; 14005 C\u00f3rdoba (Espa\u00f1a).<\/p>\n<h3>2. COMUNICACIONES<\/h3>\n<p>Para comunicarse con nosotros, ponemos a su disposici\u00f3n diferentes medios de contacto que detallamos a continuaci\u00f3n:<br \/>\n\u2022\u00a0\u00a0 \u00a0Tfno.: (+34) 634 853 618 &#8211; De lunes a viernes de 10:00 a 14:00 y 16:00 a 20:00, s\u00e1bados 10:00 a 14:00.<br \/>\n\u2022\u00a0\u00a0 \u00a0Email: info@manitascordoba.com<br \/>\n\u2022\u00a0\u00a0 \u00a0Direcci\u00f3n postal: C\/ Damasco, 1 -14005 C\u00f3rdoba (Espa\u00f1a). &#8211;\u00a0 De lunes a viernes de 10:00 a 14:00 y 16:00 a 20:00, s\u00e1bados 10:00 a 14:00.<\/p>\n<h3>3.\u00a0\u00a0 \u00a0OBJETO<\/h3>\n<p>El presente aviso legal regula el uso y utilizaci\u00f3n del sitio web manitascordoba.com, del que es titular ManitasCordoba(en adelante, EL PROPIETARIO DE LA WEB).<\/p>\n<p>La navegaci\u00f3n por el sitio web de EL PROPIETARIO DE LA WEB le atribuye la condici\u00f3n de USUARIO del mismo y conlleva su aceptaci\u00f3n plena y sin reservas de todas y cada una de las condiciones publicadas en este aviso legal, advirtiendo de que dichas condiciones podr\u00e1n ser modificadas sin notificaci\u00f3n previa por parte de EL PROPIETARIO DE LA WEB, en cuyo caso se proceder\u00e1 a su publicaci\u00f3n y aviso con la m\u00e1xima antelaci\u00f3n posible.<\/p>\n<p>Por ello es recomendable leer atentamente su contenido en caso de desear acceder y hacer uso de la informaci\u00f3n y de los servicios ofrecidos desde este sitio web.<\/p>\n<p>El usuario, adem\u00e1s, se obliga a hacer un uso correcto del sitio web de conformidad con las leyes, la buena fe, el orden p\u00fablico, los usos del tr\u00e1fico y el presente Aviso Legal, y responder\u00e1 frente a EL PROPIETARIO DE LA WEB o frente a terceros, de cualesquiera da\u00f1os y perjuicios que pudieran causarse como consecuencia del incumplimiento de dicha obligaci\u00f3n.<\/p>\n<p>Cualquier utilizaci\u00f3n distinta a la autorizada est\u00e1 expresamente prohibida, pudiendo EL PROPIETARIO DE LA WEB denegar o retirar el acceso y su uso en cualquier momento.<\/p>\n<h3>4.\u00a0\u00a0 \u00a0CONDICIONES DE ACCESO Y UTILIZACI\u00d3N DE LA WEB<\/h3>\n<p>El sitio web y sus servicios son de acceso libre y gratuito. No obstante, PROPIETARIO DE LA WEB puede condicionar la utilizaci\u00f3n de algunos de los servicios ofrecidos en su web a la previa cumplimentaci\u00f3n del correspondiente formulario.<\/p>\n<p>El usuario garantiza la autenticidad y actualidad de todos aquellos datos que comunique a PROPIETARIO DE LA WEB y ser\u00e1 el \u00fanico responsable de las manifestaciones falsas o inexactas que realice.<\/p>\n<p>El usuario se compromete expresamente a hacer un uso adecuado de los contenidos y servicios de PROPIETARIO DE LA WEB y a no emplearlos para, entre otros:<\/p>\n<p>a)\u00a0\u00a0 \u00a0Difundir contenidos delictivos, violentos, pornogr\u00e1ficos, racistas, xen\u00f3fobos, ofensivos, de apolog\u00eda del terrorismo o, en general, contrarios a la ley o al orden p\u00fablico.<\/p>\n<p>b)\u00a0\u00a0 \u00a0Introducir en la red virus inform\u00e1ticos o realizar actuaciones susceptibles de alterar, estropear, interrumpir o generar errores o da\u00f1os en los documentos electr\u00f3nicos, datos o sistemas f\u00edsicos y l\u00f3gicos de PROPIETARIO DE LA WEB o de terceras personas; as\u00ed como obstaculizar el acceso de otros usuarios al sitio web y a sus servicios mediante el consumo masivo de los recursos inform\u00e1ticos a trav\u00e9s de los cuales PROPIETARIO DE LA WEB presta sus servicios.<\/p>\n<p>c)\u00a0\u00a0 \u00a0Intentar acceder a las cuentas de correo electr\u00f3nico de otros usuarios o a \u00e1reas restringidas de los sistemas inform\u00e1ticos de PROPIETARIO DE LA WEB o de terceros y, en su caso, extraer informaci\u00f3n.<\/p>\n<p>d)\u00a0\u00a0 \u00a0Vulnerar los derechos de propiedad intelectual o industrial, as\u00ed como violar la confidencialidad de la informaci\u00f3n de PROPIETARIO DE LA WEB o de terceros.<\/p>\n<p>e)\u00a0\u00a0 \u00a0Suplantar la identidad de cualquier otro usuario.<\/p>\n<p>f)\u00a0\u00a0 \u00a0Reproducir, copiar, distribuir, poner a disposici\u00f3n de, o cualquier otra forma de comunicaci\u00f3n p\u00fablica, transformar o modificar los contenidos, a menos que se cuente con la autorizaci\u00f3n del titular de los correspondientes derechos o ello resulte legalmente permitido.<\/p>\n<p>g)\u00a0\u00a0 \u00a0Recabar datos con finalidad publicitaria y de remitir publicidad de cualquier clase y comunicaciones con fines de venta u otras de naturaleza comercial sin que medie su previa solicitud o consentimiento.<br \/>\nTodos los contenidos del sitio web, como textos, fotograf\u00edas, gr\u00e1ficos, im\u00e1genes, iconos, tecnolog\u00eda, software, as\u00ed como su dise\u00f1o gr\u00e1fico y c\u00f3digos fuente, constituyen una obra cuya propiedad pertenece a PROPIETARIO DE LA WEB, sin que puedan entenderse cedidos al usuario ninguno de los derechos de explotaci\u00f3n sobre los mismos m\u00e1s all\u00e1 de lo estrictamente necesario para el correcto uso de la web.<\/p>\n<p>En definitiva, los usuarios que accedan a este sitio web pueden visualizar los contenidos y efectuar, en su caso, copias privadas autorizadas siempre que los elementos reproducidos no sean cedidos posteriormente a terceros, ni se instalen a servidores conectados a redes, ni sean objeto de ning\u00fan tipo de explotaci\u00f3n.<\/p>\n<p>Asimismo, todas las marcas, nombres comerciales o signos distintivos de cualquier clase que aparecen en el sitio web son propiedad de PROPIETARIO DE LA WEB, sin que pueda entenderse que el uso o acceso al mismo atribuya al usuario derecho alguno sobre los mismos.<\/p>\n<p>La distribuci\u00f3n, modificaci\u00f3n, cesi\u00f3n o comunicaci\u00f3n p\u00fablica de los contenidos y cualquier otro acto que no haya sido expresamente autorizado por el titular de los derechos de explotaci\u00f3n quedan prohibidos.<\/p>\n<p>El establecimiento de un hiperenlace no implica en ning\u00fan caso la existencia de relaciones entre PROPIETARIO DE LA WEB y el propietario del sitio web en la que se establezca, ni la aceptaci\u00f3n y aprobaci\u00f3n por parte de PROPIETARIO DE LA WEB de sus contenidos o servicios.<\/p>\n<p>PROPIETARIO DE LA WEB no se responsabiliza del uso que cada usuario les d\u00e9 a los materiales puestos a disposici\u00f3n en este sitio web ni de las actuaciones que realice en base a los mismos.<\/p>\n<h3>5.\u00a0\u00a0 \u00a0RESPONSABILIDAD<\/h3>\n<p>El prestador se exime de cualquier tipo de responsabilidad derivada de la informaci\u00f3n publicada en su sitio web, siempre que esta informaci\u00f3n haya sido manipulada o introducida por un tercero ajeno al mismo.<\/p>\n<p>En el caso de que cualquier usuario o un tercero considere que existen hechos o circunstancias que revelen el car\u00e1cter il\u00edcito de la utilizaci\u00f3n de cualquier contenido y\/o de la realizaci\u00f3n de cualquier actividad en las p\u00e1ginas web incluidas o accesibles a trav\u00e9s del sitio web, deber\u00e1 enviar una notificaci\u00f3n al prestador identific\u00e1ndose debidamente y especificando las supuestas infracciones.<\/p>\n<h3>6.\u00a0\u00a0 \u00a0EXCLUSI\u00d3N DE GARANT\u00cdAS Y DE RESPONSABILIDAD EN EL ACCESO Y LA UTILIZACI\u00d3N<\/h3>\n<p>El contenido del presente sitio web es de car\u00e1cter general y tiene una finalidad meramente informativa, sin que se garantice plenamente el acceso a todos los contenidos, ni su exhaustividad, correcci\u00f3n, vigencia o actualidad, ni su idoneidad o utilidad para un objetivo espec\u00edfico.<\/p>\n<p>PROPIETARIO DE LA WEB excluye, hasta donde permite el ordenamiento jur\u00eddico, cualquier responsabilidad por los da\u00f1os y perjuicios de toda naturaleza derivados de:<\/p>\n<p>a)\u00a0\u00a0 \u00a0La imposibilidad de acceso al sitio web o la falta de veracidad, exactitud, exhaustividad y\/o actualidad de los contenidos, as\u00ed como la existencia de vicios y defectos de toda clase de los contenidos transmitidos, difundidos, almacenados, puestos a disposici\u00f3n, a los que se haya accedido a trav\u00e9s del sitio web o de los servicios que se ofrecen.<\/p>\n<p>b)\u00a0\u00a0 \u00a0La presencia de virus o de otros elementos en los contenidos que puedan producir alteraciones en los sistemas inform\u00e1ticos, documentos electr\u00f3nicos o datos de los usuarios.<\/p>\n<p>c)\u00a0\u00a0 \u00a0El incumplimiento de las leyes, la buena fe, el orden p\u00fablico, los usos del tr\u00e1fico y el presente aviso legal como consecuencia del uso incorrecto del sitio web. En particular, y a modo ejemplificativo, PROPIETARIO DE LA WEB no se hace responsable de las actuaciones de terceros que vulneren derechos de propiedad intelectual e industrial, secretos empresariales, derechos al honor, a la intimidad personal y familiar y a la propia imagen, as\u00ed como la normativa en materia de competencia desleal y publicidad il\u00edcita.<\/p>\n<p>Asimismo, PROPIETARIO DE LA WEB declina cualquier responsabilidad respecto a la informaci\u00f3n que se halle fuera de esta web y no sea gestionada directamente por nuestro webmaster. La funci\u00f3n de los links que aparecen en esta web es exclusivamente la de informar al usuario sobre la existencia de otras fuentes susceptibles de ampliar los contenidos que ofrece este sitio web. PROPIETARIO DE LA WEB no garantiza ni se responsabiliza del funcionamiento o accesibilidad de los sitios enlazados; ni sugiere, invita o recomienda la visita a los mismos, por lo que tampoco ser\u00e1 responsable del resultado obtenido. PROPIETARIO DE LA WEB no se responsabiliza del establecimiento de hiperv\u00ednculos por parte de terceros.<\/p>\n<h3>7.\u00a0\u00a0 \u00a0PROCEDIMIENTO EN CASO DE REALIZACI\u00d3N DE ACTIVIDADES DE CAR\u00c1CTER IL\u00cdCITO<\/h3>\n<p>En el caso de que cualquier usuario o un tercero considere que existen hechos o circunstancias que revelen el car\u00e1cter il\u00edcito de la utilizaci\u00f3n de cualquier contenido y\/o de la realizaci\u00f3n de cualquier actividad en las p\u00e1ginas web incluidas o accesibles a trav\u00e9s del sitio web, deber\u00e1 enviar una notificaci\u00f3n a PROPIETARIO DE LA WEB identific\u00e1ndose debidamente y especificando las supuestas infracciones.<\/p>\n<h3>8.\u00a0\u00a0 \u00a0PUBLICACIONES<\/h3>\n<p>La informaci\u00f3n administrativa facilitada a trav\u00e9s del sitio web no sustituye la publicidad legal de las leyes, normativas, planes, disposiciones generales y actos que tengan que ser publicados formalmente a los diarios oficiales de las administraciones p\u00fablicas, que constituyen el \u00fanico instrumento que da fe de su autenticidad y contenido. La informaci\u00f3n disponible en este sitio web debe entenderse como una gu\u00eda sin prop\u00f3sito de validez legal.<\/p>\n<h3>9.\u00a0\u00a0 \u00a0POLITICAS DE ENLACES<\/h3>\n<p>Desde el sitio web, es posible que se redirija a contenidos de terceros sitios web. Dado que el prestador no puede controlar siempre los contenidos introducidos por los terceros en sus sitios web, no implica en ning\u00fan caso la existencia de relaci\u00f3n entre el prestador y el propietario del sitio web en la que se establezca, ni aceptaci\u00f3n o aprobaci\u00f3n de sus contenidos o servicios. Desde esta web, no asume ning\u00fan tipo de responsabilidad respecto a dichos contenidos. En todo caso, el prestador manifiesta que proceder\u00e1 a la retirada inmediata de cualquier contenido que pudiera contravenir la legislaci\u00f3n nacional o internacional, la moral o el orden p\u00fablico, procediendo a la retirada inmediata de la redirecci\u00f3n a dicho sitio web, poniendo en conocimiento de las autoridades competentes el contenido en cuesti\u00f3n.<\/p>\n<h3>10.\u00a0\u00a0 \u00a0 PROPIEDAD INTELECTUAL<\/h3>\n<p>El sitio web, incluyendo dise\u00f1os, logotipos, texto y\/o gr\u00e1ficos que son propiedad del prestador o en su caso dispone de licencia o autorizaci\u00f3n expresa por parte de los autores. Todos los contenidos del sitio web se encuentran debidamente protegidos por la normativa de propiedad intelectual e industrial, as\u00ed como inscritos en los registros p\u00fablicos correspondientes.<\/p>\n<p>Los dise\u00f1os, logotipos, texto y\/o gr\u00e1ficos ajenos al prestador y que pudieran aparecer en el sitio web, pertenecen a sus respectivos propietarios, siendo ellos mismos responsables de cualquier posible controversia que pudiera suscitarse respecto a los mismos. En todo caso, el prestador cuenta con la autorizaci\u00f3n expresa y previa por parte de los mismos.<\/p>\n<h3>11.\u00a0\u00a0 \u00a0 MENORES DE EDAD (14 A\u00d1OS)<\/h3>\n<p>ATENCI\u00d3N: Para la utilizaci\u00f3n de los servicios que ofrece el sitio web, los menores de 14 a\u00f1os, deber\u00e1n, previamente, haber obtenido autorizaci\u00f3n de sus padres, tutores o representantes legales, puesto que \u00e9stos deber\u00e1n responder por los actos realizados por los menores que se encuentren a su cargo, correspondi\u00e9ndoles toda la responsabilidad a la hora de determinar los contenidos y servicios a los que puedan tener acceso. Esta autorizaci\u00f3n, podr\u00e1n realizarla a trav\u00e9s del correo electr\u00f3nico: info@manitascordoba.com<\/p>\n<h3>12.\u00a0\u00a0 \u00a0LEY APLICABLE Y JURISDICCION<\/h3>\n<p>Para la resoluci\u00f3n de todas las controversias o cuestiones relacionadas con el presente sitio web o de las actividades en \u00e9l desarrolladas, ser\u00e1 de aplicaci\u00f3n la legislaci\u00f3n espa\u00f1ola, a la que se someten expresamente las partes, siendo competentes para la resoluci\u00f3n de todos los conflictos derivados o relacionados con su uso los Juzgados y Tribunales de la provincia del titular de la web.<\/p>\n<p>Las condiciones presentes se regir\u00e1n por la legislaci\u00f3n espa\u00f1ola vigente.<\/p>\n<p>La lengua utilizada ser\u00e1 el Castellano.<\/p>\n<\/div>\n<\/div><\/div>\n<\/div>\n<\/div>\n<\/div>\n<\/div>\n<\/div>\n\n","protected":false},"excerpt":{"rendered":"","protected":false},"author":1,"featured_media":0,"parent":0,"menu_order":0,"comment_status":"closed","ping_status":"closed","template":"","meta":[],"yoast_head":"<!-- This site is optimized with the Yoast SEO plugin v19.4 - https:\/\/yoast.com\/wordpress\/plugins\/seo\/ -->\n<title>Aviso Legal - Manitas C\u00f3rdoba<\/title>\n<meta name=\"robots\" content=\"index, follow, max-snippet:-1, max-image-preview:large, max-video-preview:-1\" \/>\n<link rel=\"canonical\" href=\"https:\/\/manitascordoba.com\/index.php\/aviso-legal\/\" \/>\n<meta property=\"og:locale\" content=\"es_ES\" \/>\n<meta property=\"og:type\" content=\"article\" \/>\n<meta property=\"og:title\" content=\"Aviso Legal - Manitas C\u00f3rdoba\" \/>\n<meta property=\"og:url\" content=\"https:\/\/manitascordoba.com\/index.php\/aviso-legal\/\" \/>\n<meta property=\"og:site_name\" content=\"Manitas C\u00f3rdoba\" \/>\n<meta property=\"article:publisher\" content=\"https:\/\/www.facebook.com\/Manitas-C%c3%b3rdoba-101867028711573\" \/>\n<meta property=\"article:modified_time\" content=\"2021-04-19T17:04:13+00:00\" \/>\n<meta property=\"og:image\" content=\"https:\/\/manitascordoba.com\/wp-content\/uploads\/2021\/04\/cropped-favicon.png\" \/>\n\t<meta property=\"og:image:width\" content=\"512\" \/>\n\t<meta property=\"og:image:height\" content=\"512\" \/>\n\t<meta property=\"og:image:type\" content=\"image\/png\" \/>\n<meta name=\"twitter:card\" content=\"summary_large_image\" \/>\n<meta name=\"twitter:label1\" content=\"Tiempo de lectura\" \/>\n\t<meta name=\"twitter:data1\" content=\"11 minutos\" \/>\n<script type=\"application\/ld+json\" class=\"yoast-schema-graph\">{\"@context\":\"https:\/\/schema.org\",\"@graph\":[{\"@type\":\"Organization\",\"@id\":\"https:\/\/manitascordoba.com\/#organization\",\"name\":\"Manitas C\u00f3rdoba\",\"url\":\"https:\/\/manitascordoba.com\/\",\"sameAs\":[\"https:\/\/www.facebook.com\/Manitas-C\u00f3rdoba-101867028711573\"],\"logo\":{\"@type\":\"ImageObject\",\"inLanguage\":\"es\",\"@id\":\"https:\/\/manitascordoba.com\/#\/schema\/logo\/image\/\",\"url\":\"https:\/\/manitascordoba.com\/wp-content\/uploads\/2021\/03\/logo-web-rs-1.png\",\"contentUrl\":\"https:\/\/manitascordoba.com\/wp-content\/uploads\/2021\/03\/logo-web-rs-1.png\",\"width\":500,\"height\":108,\"caption\":\"Manitas C\u00f3rdoba\"},\"image\":{\"@id\":\"https:\/\/manitascordoba.com\/#\/schema\/logo\/image\/\"}},{\"@type\":\"WebSite\",\"@id\":\"https:\/\/manitascordoba.com\/#website\",\"url\":\"https:\/\/manitascordoba.com\/\",\"name\":\"Manitas C\u00f3rdoba\",\"description\":\"Profesionales para reformas, instalaciones de placas solares fotovoltaicas, climatizaci\u00f3n del hogar y multiservicios (servicio de manitas). Desde montar un mueble o cambiar un enchufe hasta reformar tu ba\u00f1o o cocina. \u00a1Pide presupuesto sin compromiso!\",\"publisher\":{\"@id\":\"https:\/\/manitascordoba.com\/#organization\"},\"potentialAction\":[{\"@type\":\"SearchAction\",\"target\":{\"@type\":\"EntryPoint\",\"urlTemplate\":\"https:\/\/manitascordoba.com\/?s={search_term_string}\"},\"query-input\":\"required name=search_term_string\"}],\"inLanguage\":\"es\"},{\"@type\":\"WebPage\",\"@id\":\"https:\/\/manitascordoba.com\/index.php\/aviso-legal\/\",\"url\":\"https:\/\/manitascordoba.com\/index.php\/aviso-legal\/\",\"name\":\"Aviso Legal - Manitas C\u00f3rdoba\",\"isPartOf\":{\"@id\":\"https:\/\/manitascordoba.com\/#website\"},\"datePublished\":\"2017-04-04T12:23:13+00:00\",\"dateModified\":\"2021-04-19T17:04:13+00:00\",\"breadcrumb\":{\"@id\":\"https:\/\/manitascordoba.com\/index.php\/aviso-legal\/#breadcrumb\"},\"inLanguage\":\"es\",\"potentialAction\":[{\"@type\":\"ReadAction\",\"target\":[\"https:\/\/manitascordoba.com\/index.php\/aviso-legal\/\"]}]},{\"@type\":\"BreadcrumbList\",\"@id\":\"https:\/\/manitascordoba.com\/index.php\/aviso-legal\/#breadcrumb\",\"itemListElement\":[{\"@type\":\"ListItem\",\"position\":1,\"name\":\"Inicio\",\"item\":\"https:\/\/manitascordoba.com\/\"},{\"@type\":\"ListItem\",\"position\":2,\"name\":\"Aviso Legal\"}]}]}<\/script>\n<!-- \/ Yoast SEO plugin. -->","yoast_head_json":{"title":"Aviso Legal - Manitas C\u00f3rdoba","robots":{"index":"index","follow":"follow","max-snippet":"max-snippet:-1","max-image-preview":"max-image-preview:large","max-video-preview":"max-video-preview:-1"},"canonical":"https:\/\/manitascordoba.com\/index.php\/aviso-legal\/","og_locale":"es_ES","og_type":"article","og_title":"Aviso Legal - Manitas C\u00f3rdoba","og_url":"https:\/\/manitascordoba.com\/index.php\/aviso-legal\/","og_site_name":"Manitas C\u00f3rdoba","article_publisher":"https:\/\/www.facebook.com\/Manitas-C%c3%b3rdoba-101867028711573","article_modified_time":"2021-04-19T17:04:13+00:00","og_image":[{"width":512,"height":512,"url":"https:\/\/manitascordoba.com\/wp-content\/uploads\/2021\/04\/cropped-favicon.png","type":"image\/png"}],"twitter_card":"summary_large_image","twitter_misc":{"Tiempo de lectura":"11 minutos"},"schema":{"@context":"https:\/\/schema.org","@graph":[{"@type":"Organization","@id":"https:\/\/manitascordoba.com\/#organization","name":"Manitas C\u00f3rdoba","url":"https:\/\/manitascordoba.com\/","sameAs":["https:\/\/www.facebook.com\/Manitas-C\u00f3rdoba-101867028711573"],"logo":{"@type":"ImageObject","inLanguage":"es","@id":"https:\/\/manitascordoba.com\/#\/schema\/logo\/image\/","url":"https:\/\/manitascordoba.com\/wp-content\/uploads\/2021\/03\/logo-web-rs-1.png","contentUrl":"https:\/\/manitascordoba.com\/wp-content\/uploads\/2021\/03\/logo-web-rs-1.png","width":500,"height":108,"caption":"Manitas C\u00f3rdoba"},"image":{"@id":"https:\/\/manitascordoba.com\/#\/schema\/logo\/image\/"}},{"@type":"WebSite","@id":"https:\/\/manitascordoba.com\/#website","url":"https:\/\/manitascordoba.com\/","name":"Manitas C\u00f3rdoba","description":"Profesionales para reformas, instalaciones de placas solares fotovoltaicas, climatizaci\u00f3n del hogar y multiservicios (servicio de manitas). Desde montar un mueble o cambiar un enchufe hasta reformar tu ba\u00f1o o cocina. \u00a1Pide presupuesto sin compromiso!","publisher":{"@id":"https:\/\/manitascordoba.com\/#organization"},"potentialAction":[{"@type":"SearchAction","target":{"@type":"EntryPoint","urlTemplate":"https:\/\/manitascordoba.com\/?s={search_term_string}"},"query-input":"required name=search_term_string"}],"inLanguage":"es"},{"@type":"WebPage","@id":"https:\/\/manitascordoba.com\/index.php\/aviso-legal\/","url":"https:\/\/manitascordoba.com\/index.php\/aviso-legal\/","name":"Aviso Legal - Manitas C\u00f3rdoba","isPartOf":{"@id":"https:\/\/manitascordoba.com\/#website"},"datePublished":"2017-04-04T12:23:13+00:00","dateModified":"2021-04-19T17:04:13+00:00","breadcrumb":{"@id":"https:\/\/manitascordoba.com\/index.php\/aviso-legal\/#breadcrumb"},"inLanguage":"es","potentialAction":[{"@type":"ReadAction","target":["https:\/\/manitascordoba.com\/index.php\/aviso-legal\/"]}]},{"@type":"BreadcrumbList","@id":"https:\/\/manitascordoba.com\/index.php\/aviso-legal\/#breadcrumb","itemListElement":[{"@type":"ListItem","position":1,"name":"Inicio","item":"https:\/\/manitascordoba.com\/"},{"@type":"ListItem","position":2,"name":"Aviso Legal"}]}]}},"_links":{"self":[{"href":"https:\/\/manitascordoba.com\/index.php\/wp-json\/wp\/v2\/pages\/12857"}],"collection":[{"href":"https:\/\/manitascordoba.com\/index.php\/wp-json\/wp\/v2\/pages"}],"about":[{"href":"https:\/\/manitascordoba.com\/index.php\/wp-json\/wp\/v2\/types\/page"}],"author":[{"embeddable":true,"href":"https:\/\/manitascordoba.com\/index.php\/wp-json\/wp\/v2\/users\/1"}],"replies":[{"embeddable":true,"href":"https:\/\/manitascordoba.com\/index.php\/wp-json\/wp\/v2\/comments?post=12857"}],"version-history":[{"count":4,"href":"https:\/\/manitascordoba.com\/index.php\/wp-json\/wp\/v2\/pages\/12857\/revisions"}],"predecessor-version":[{"id":14913,"href":"https:\/\/manitascordoba.com\/index.php\/wp-json\/wp\/v2\/pages\/12857\/revisions\/14913"}],"wp:attachment":[{"href":"https:\/\/manitascordoba.com\/index.php\/wp-json\/wp\/v2\/media?parent=12857"}],"curies":[{"name":"wp","href":"https:\/\/api.w.org\/{rel}","templated":true}]}}