{"id":14908,"date":"2021-04-21T19:29:20","date_gmt":"2021-04-21T19:29:20","guid":{"rendered":"https:\/\/manitascordoba.com\/?page_id=14908"},"modified":"2021-04-23T17:07:43","modified_gmt":"2021-04-23T17:07:43","slug":"politica-de-cookies","status":"publish","type":"page","link":"https:\/\/manitascordoba.com\/index.php\/politica-de-cookies\/","title":{"rendered":"Pol\u00edtica de Cookies"},"content":{"rendered":"<div class=\"cli_pg_page_contaner\">\n<h3>Acerca de esta pol\u00edtica de cookies<\/h3>\n<div>Esta Pol\u00edtica de Cookies explica qu\u00e9 son las cookies y c\u00f3mo las utilizamos, los tipos de cookies que utilizamos, es decir, la informaci\u00f3n que recopilamos mediante las cookies y c\u00f3mo se utiliza esa informaci\u00f3n, y c\u00f3mo controlar las preferencias de las cookies. Para m\u00e1s informaci\u00f3n sobre c\u00f3mo utilizamos, almacenamos y mantenemos seguros sus datos personales, consulte nuestra Pol\u00edtica de Privacidad.Puede modificar o retirar en cualquier momento su consentimiento en la Declaraci\u00f3n de cookies de nuestro sitio webObtenga m\u00e1s informaci\u00f3n sobre qui\u00e9nes somos, c\u00f3mo puede ponerse en contacto con nosotros y c\u00f3mo procesamos los datos personales en nuestra Pol\u00edtica de Privacidad.Su consentimiento se aplica al siguiente dominio: http:\/\/srcasesores.com<div class=\"cli_user_consent_state\">Tu estado actual: No se ha dado el consentimiento. <a class=\"cli_manage_current_consent\" style=\"cursor:pointer;text-decoration:underline;\">Gestiona tu consentimiento.<\/a> <\/div><\/div>\n<h3><\/h3>\n<h3>\u00bfQu\u00e9 son las cookies ?<\/h3>\n<div>\n<p>Las cookies son peque\u00f1os archivos de texto que se utilizan para almacenar peque\u00f1as piezas de informaci\u00f3n. Se almacenan en su dispositivo cuando se carga el sitio web en su navegador. Estas cookies nos ayudan a hacer que el sitio web funcione correctamente, a hacerlo m\u00e1s seguro, a proporcionar una mejor experiencia de usuario y a entender c\u00f3mo funciona el sitio web y a analizar lo que funciona y lo que hay que mejorar.<\/p>\n<\/div>\n<h3>\u00bfC\u00f3mo usamos las cookies ?<\/h3>\n<div>\n<p>Como la mayor\u00eda de los servicios en l\u00ednea, nuestro sitio web utiliza cookies de origen y de terceros para diversos fines. Las cookies de origen son en su mayor\u00eda necesarias para que el sitio web funcione correctamente, y no recogen ning\u00fan dato personal identificable.<\/p>\n<p>Las cookies de terceros que se utilizan en nuestro sitio web sirven principalmente para comprender el funcionamiento del sitio web, la forma en que usted interact\u00faa con nuestro sitio web, mantener nuestros servicios seguros, proporcionar anuncios que sean relevantes para usted y, en definitiva, proporcionarle una experiencia de usuario mejorada y ayudar a acelerar sus futuras interacciones con nuestro sitio web.<\/p>\n<\/div>\n<h3>\u00bfQu\u00e9 tipos de cookies utilizamos ?<\/h3>\n<div><strong>Esencial<\/strong>: Algunas cookies son esenciales para que usted pueda experimentar la funcionalidad completa de nuestro sitio. Nos permiten mantener las sesiones de los usuarios y prevenir cualquier amenaza a la seguridad. No recogen ni almacenan ninguna informaci\u00f3n personal. Por ejemplo, estas cookies le permiten iniciar sesi\u00f3n en su cuenta y a\u00f1adir productos a su cesta, as\u00ed como realizar el pago de forma segura.<\/div>\n<div><strong>Estad\u00edsticas<\/strong>: Estas cookies almacenan informaci\u00f3n como el n\u00famero de visitantes del sitio web, el n\u00famero de visitantes \u00fanicos, qu\u00e9 p\u00e1ginas del sitio web han sido visitadas, el origen de la visita, etc. Estos datos nos ayudan a comprender y analizar el rendimiento del sitio web y los aspectos que deben mejorarse.<\/div>\n<div><strong>Marketing<\/strong>: Nuestro sitio web muestra anuncios. Estas cookies se utilizan para personalizar los anuncios que le mostramos para que sean significativos para usted. Estas cookies tambi\u00e9n nos ayudan a hacer un seguimiento de la eficacia de estas campa\u00f1as publicitarias.La informaci\u00f3n almacenada en estas cookies tambi\u00e9n puede ser utilizada por los proveedores de publicidad de terceros para mostrarle anuncios en otros sitios web en el navegador tambi\u00e9n.<\/div>\n<div><strong>Funcionales<\/strong>: Son las cookies que ayudan a ciertas funcionalidades no esenciales de nuestro sitio web. Estas funcionalidades incluyen la incrustaci\u00f3n de contenidos como v\u00eddeos o compartir contenidos del sitio web en plataformas de medios sociales.<\/div>\n<div>\n<p><strong>Preferencias<\/strong>: Estas cookies nos ayudan a almacenar su configuraci\u00f3n y preferencias de navegaci\u00f3n, como las preferencias de idioma, para que tenga una experiencia mejor y m\u00e1s eficiente en futuras visitas al sitio web.<\/p>\n<p>La siguiente lista detalla las cookies utilizadas en nuestro sitio web.<\/p><table class=\"cookielawinfo-row-cat-table cookielawinfo-classic\"><thead><tr><th class=\"cookielawinfo-column-1\">Cookie<\/th><th class=\"cookielawinfo-column-4\">Descripci\u00f3n<\/th><\/tr><\/thead><tbody><tr class=\"cookielawinfo-row\"><td class=\"cookielawinfo-column-1\">cookielawinfo-checbox-analytics<\/td><td class=\"cookielawinfo-column-4\">Esta cookie es establecida por el plugin GDPR Cookie Consent. La cookie se utiliza para almacenar el consentimiento del usuario para las cookies de la categor\u00eda \"Anal\u00edtica\".<\/td><\/tr><tr class=\"cookielawinfo-row\"><td class=\"cookielawinfo-column-1\">cookielawinfo-checbox-functional<\/td><td class=\"cookielawinfo-column-4\">La cookie se establece por el consentimiento de cookies GDPR para registrar el consentimiento del usuario para las cookies en la categor\u00eda \"Funcional\".<\/td><\/tr><tr class=\"cookielawinfo-row\"><td class=\"cookielawinfo-column-1\">cookielawinfo-checbox-others<\/td><td class=\"cookielawinfo-column-4\">Esta cookie es establecida por el plugin GDPR Cookie Consent. La cookie se utiliza para almacenar el consentimiento del usuario para las cookies de la categor\u00eda \"Otros\".<\/td><\/tr><tr class=\"cookielawinfo-row\"><td class=\"cookielawinfo-column-1\">cookielawinfo-checkbox-necessary<\/td><td class=\"cookielawinfo-column-4\">Esta cookie es establecida por el plugin GDPR Cookie Consent. Las cookies se utilizan para almacenar el consentimiento del usuario para las cookies en la categor\u00eda \"Necesario\".<\/td><\/tr><tr class=\"cookielawinfo-row\"><td class=\"cookielawinfo-column-1\">cookielawinfo-checkbox-performance<\/td><td class=\"cookielawinfo-column-4\">Esta cookie es establecida por el plugin GDPR Cookie Consent. La cookie se utiliza para almacenar el consentimiento del usuario para las cookies de la categor\u00eda \"Rendimiento\".<\/td><\/tr><tr class=\"cookielawinfo-row\"><td class=\"cookielawinfo-column-1\">viewed_cookie_policy<\/td><td class=\"cookielawinfo-column-4\">La cookie es establecida por el plugin GDPR Cookie Consent y se utiliza para almacenar si el usuario ha consentido o no el uso de cookies. No almacena ning\u00fan dato personal.<\/td><\/tr><\/tbody><\/table>\n<\/div>\n<h3>\u00bfC\u00f3mo puedo modificar las preferencias de las cookies?<\/h3>\n<div>\n<p>Si decide cambiar sus preferencias m\u00e1s adelante en su sesi\u00f3n de navegaci\u00f3n, puede hacer clic en la pesta\u00f1a \u00abPol\u00edtica de privacidad y cookies\u00bb de su pantalla. Esto mostrar\u00e1 el aviso de consentimiento de nuevo, permiti\u00e9ndole cambiar sus preferencias o retirar su consentimiento por completo.<\/p>\n<p>Adem\u00e1s, los distintos navegadores ofrecen diferentes m\u00e9todos para bloquear y eliminar las cookies utilizadas por los sitios web. Puede cambiar la configuraci\u00f3n de su navegador para bloquear o eliminar las cookies. Para saber m\u00e1s sobre c\u00f3mo gestionar y eliminar las cookies, visite <a href=\"https:\/\/en.wikipedia.org\/wiki\/HTTP_cookie\" target=\"_blank\" rel=\"nofollow noopener\">wikipedia.org<\/a>, <a href=\"http:\/\/www.allaboutcookies.org\/\" target=\"_blank\" rel=\"nofollow noopener\">www.allaboutcookies.org.<\/a><\/p>\n<\/div>\n<\/div>\n","protected":false},"excerpt":{"rendered":"<p>Acerca de esta pol\u00edtica de cookies Esta Pol\u00edtica de Cookies explica qu\u00e9 son las cookies y c\u00f3mo las utilizamos, los tipos de cookies que utilizamos, es decir, la informaci\u00f3n que recopilamos mediante las cookies y c\u00f3mo se utiliza esa informaci\u00f3n, y c\u00f3mo controlar las preferencias de las cookies. Para m\u00e1s informaci\u00f3n sobre c\u00f3mo utilizamos, almacenamos&#8230;<\/p>\n","protected":false},"author":1,"featured_media":0,"parent":0,"menu_order":0,"comment_status":"closed","ping_status":"closed","template":"","meta":[],"yoast_head":"<!-- This site is optimized with the Yoast SEO plugin v19.4 - https:\/\/yoast.com\/wordpress\/plugins\/seo\/ -->\n<title>Pol\u00edtica de Cookies - Manitas C\u00f3rdoba<\/title>\n<meta name=\"robots\" content=\"index, follow, max-snippet:-1, max-image-preview:large, max-video-preview:-1\" \/>\n<link rel=\"canonical\" href=\"https:\/\/manitascordoba.com\/index.php\/politica-de-cookies\/\" \/>\n<meta property=\"og:locale\" content=\"es_ES\" \/>\n<meta property=\"og:type\" content=\"article\" \/>\n<meta property=\"og:title\" content=\"Pol\u00edtica de Cookies - Manitas C\u00f3rdoba\" \/>\n<meta property=\"og:description\" content=\"Acerca de esta pol\u00edtica de cookies Esta Pol\u00edtica de Cookies explica qu\u00e9 son las cookies y c\u00f3mo las utilizamos, los tipos de cookies que utilizamos, es decir, la informaci\u00f3n que recopilamos mediante las cookies y c\u00f3mo se utiliza esa informaci\u00f3n, y c\u00f3mo controlar las preferencias de las cookies. Para m\u00e1s informaci\u00f3n sobre c\u00f3mo utilizamos, almacenamos...\" \/>\n<meta property=\"og:url\" content=\"https:\/\/manitascordoba.com\/index.php\/politica-de-cookies\/\" \/>\n<meta property=\"og:site_name\" content=\"Manitas C\u00f3rdoba\" \/>\n<meta property=\"article:publisher\" content=\"https:\/\/www.facebook.com\/Manitas-C%c3%b3rdoba-101867028711573\" \/>\n<meta property=\"article:modified_time\" content=\"2021-04-23T17:07:43+00:00\" \/>\n<meta property=\"og:image\" content=\"https:\/\/manitascordoba.com\/wp-content\/uploads\/2021\/04\/cropped-favicon.png\" \/>\n\t<meta property=\"og:image:width\" content=\"512\" \/>\n\t<meta property=\"og:image:height\" content=\"512\" \/>\n\t<meta property=\"og:image:type\" content=\"image\/png\" \/>\n<meta name=\"twitter:card\" content=\"summary_large_image\" \/>\n<meta name=\"twitter:label1\" content=\"Tiempo de lectura\" \/>\n\t<meta name=\"twitter:data1\" content=\"3 minutos\" \/>\n<script type=\"application\/ld+json\" class=\"yoast-schema-graph\">{\"@context\":\"https:\/\/schema.org\",\"@graph\":[{\"@type\":\"Organization\",\"@id\":\"https:\/\/manitascordoba.com\/#organization\",\"name\":\"Manitas C\u00f3rdoba\",\"url\":\"https:\/\/manitascordoba.com\/\",\"sameAs\":[\"https:\/\/www.facebook.com\/Manitas-C\u00f3rdoba-101867028711573\"],\"logo\":{\"@type\":\"ImageObject\",\"inLanguage\":\"es\",\"@id\":\"https:\/\/manitascordoba.com\/#\/schema\/logo\/image\/\",\"url\":\"https:\/\/manitascordoba.com\/wp-content\/uploads\/2021\/03\/logo-web-rs-1.png\",\"contentUrl\":\"https:\/\/manitascordoba.com\/wp-content\/uploads\/2021\/03\/logo-web-rs-1.png\",\"width\":500,\"height\":108,\"caption\":\"Manitas C\u00f3rdoba\"},\"image\":{\"@id\":\"https:\/\/manitascordoba.com\/#\/schema\/logo\/image\/\"}},{\"@type\":\"WebSite\",\"@id\":\"https:\/\/manitascordoba.com\/#website\",\"url\":\"https:\/\/manitascordoba.com\/\",\"name\":\"Manitas C\u00f3rdoba\",\"description\":\"Profesionales para reformas, instalaciones de placas solares fotovoltaicas, climatizaci\u00f3n del hogar y multiservicios (servicio de manitas). Desde montar un mueble o cambiar un enchufe hasta reformar tu ba\u00f1o o cocina. \u00a1Pide presupuesto sin compromiso!\",\"publisher\":{\"@id\":\"https:\/\/manitascordoba.com\/#organization\"},\"potentialAction\":[{\"@type\":\"SearchAction\",\"target\":{\"@type\":\"EntryPoint\",\"urlTemplate\":\"https:\/\/manitascordoba.com\/?s={search_term_string}\"},\"query-input\":\"required name=search_term_string\"}],\"inLanguage\":\"es\"},{\"@type\":\"WebPage\",\"@id\":\"https:\/\/manitascordoba.com\/index.php\/politica-de-cookies\/\",\"url\":\"https:\/\/manitascordoba.com\/index.php\/politica-de-cookies\/\",\"name\":\"Pol\u00edtica de Cookies - Manitas C\u00f3rdoba\",\"isPartOf\":{\"@id\":\"https:\/\/manitascordoba.com\/#website\"},\"datePublished\":\"2021-04-21T19:29:20+00:00\",\"dateModified\":\"2021-04-23T17:07:43+00:00\",\"breadcrumb\":{\"@id\":\"https:\/\/manitascordoba.com\/index.php\/politica-de-cookies\/#breadcrumb\"},\"inLanguage\":\"es\",\"potentialAction\":[{\"@type\":\"ReadAction\",\"target\":[\"https:\/\/manitascordoba.com\/index.php\/politica-de-cookies\/\"]}]},{\"@type\":\"BreadcrumbList\",\"@id\":\"https:\/\/manitascordoba.com\/index.php\/politica-de-cookies\/#breadcrumb\",\"itemListElement\":[{\"@type\":\"ListItem\",\"position\":1,\"name\":\"Inicio\",\"item\":\"https:\/\/manitascordoba.com\/\"},{\"@type\":\"ListItem\",\"position\":2,\"name\":\"Pol\u00edtica de Cookies\"}]}]}<\/script>\n<!-- \/ Yoast SEO plugin. -->","yoast_head_json":{"title":"Pol\u00edtica de Cookies - Manitas C\u00f3rdoba","robots":{"index":"index","follow":"follow","max-snippet":"max-snippet:-1","max-image-preview":"max-image-preview:large","max-video-preview":"max-video-preview:-1"},"canonical":"https:\/\/manitascordoba.com\/index.php\/politica-de-cookies\/","og_locale":"es_ES","og_type":"article","og_title":"Pol\u00edtica de Cookies - Manitas C\u00f3rdoba","og_description":"Acerca de esta pol\u00edtica de cookies Esta Pol\u00edtica de Cookies explica qu\u00e9 son las cookies y c\u00f3mo las utilizamos, los tipos de cookies que utilizamos, es decir, la informaci\u00f3n que recopilamos mediante las cookies y c\u00f3mo se utiliza esa informaci\u00f3n, y c\u00f3mo controlar las preferencias de las cookies. Para m\u00e1s informaci\u00f3n sobre c\u00f3mo utilizamos, almacenamos...","og_url":"https:\/\/manitascordoba.com\/index.php\/politica-de-cookies\/","og_site_name":"Manitas C\u00f3rdoba","article_publisher":"https:\/\/www.facebook.com\/Manitas-C%c3%b3rdoba-101867028711573","article_modified_time":"2021-04-23T17:07:43+00:00","og_image":[{"width":512,"height":512,"url":"https:\/\/manitascordoba.com\/wp-content\/uploads\/2021\/04\/cropped-favicon.png","type":"image\/png"}],"twitter_card":"summary_large_image","twitter_misc":{"Tiempo de lectura":"3 minutos"},"schema":{"@context":"https:\/\/schema.org","@graph":[{"@type":"Organization","@id":"https:\/\/manitascordoba.com\/#organization","name":"Manitas C\u00f3rdoba","url":"https:\/\/manitascordoba.com\/","sameAs":["https:\/\/www.facebook.com\/Manitas-C\u00f3rdoba-101867028711573"],"logo":{"@type":"ImageObject","inLanguage":"es","@id":"https:\/\/manitascordoba.com\/#\/schema\/logo\/image\/","url":"https:\/\/manitascordoba.com\/wp-content\/uploads\/2021\/03\/logo-web-rs-1.png","contentUrl":"https:\/\/manitascordoba.com\/wp-content\/uploads\/2021\/03\/logo-web-rs-1.png","width":500,"height":108,"caption":"Manitas C\u00f3rdoba"},"image":{"@id":"https:\/\/manitascordoba.com\/#\/schema\/logo\/image\/"}},{"@type":"WebSite","@id":"https:\/\/manitascordoba.com\/#website","url":"https:\/\/manitascordoba.com\/","name":"Manitas C\u00f3rdoba","description":"Profesionales para reformas, instalaciones de placas solares fotovoltaicas, climatizaci\u00f3n del hogar y multiservicios (servicio de manitas). Desde montar un mueble o cambiar un enchufe hasta reformar tu ba\u00f1o o cocina. \u00a1Pide presupuesto sin compromiso!","publisher":{"@id":"https:\/\/manitascordoba.com\/#organization"},"potentialAction":[{"@type":"SearchAction","target":{"@type":"EntryPoint","urlTemplate":"https:\/\/manitascordoba.com\/?s={search_term_string}"},"query-input":"required name=search_term_string"}],"inLanguage":"es"},{"@type":"WebPage","@id":"https:\/\/manitascordoba.com\/index.php\/politica-de-cookies\/","url":"https:\/\/manitascordoba.com\/index.php\/politica-de-cookies\/","name":"Pol\u00edtica de Cookies - Manitas C\u00f3rdoba","isPartOf":{"@id":"https:\/\/manitascordoba.com\/#website"},"datePublished":"2021-04-21T19:29:20+00:00","dateModified":"2021-04-23T17:07:43+00:00","breadcrumb":{"@id":"https:\/\/manitascordoba.com\/index.php\/politica-de-cookies\/#breadcrumb"},"inLanguage":"es","potentialAction":[{"@type":"ReadAction","target":["https:\/\/manitascordoba.com\/index.php\/politica-de-cookies\/"]}]},{"@type":"BreadcrumbList","@id":"https:\/\/manitascordoba.com\/index.php\/politica-de-cookies\/#breadcrumb","itemListElement":[{"@type":"ListItem","position":1,"name":"Inicio","item":"https:\/\/manitascordoba.com\/"},{"@type":"ListItem","position":2,"name":"Pol\u00edtica de Cookies"}]}]}},"_links":{"self":[{"href":"https:\/\/manitascordoba.com\/index.php\/wp-json\/wp\/v2\/pages\/14908"}],"collection":[{"href":"https:\/\/manitascordoba.com\/index.php\/wp-json\/wp\/v2\/pages"}],"about":[{"href":"https:\/\/manitascordoba.com\/index.php\/wp-json\/wp\/v2\/types\/page"}],"author":[{"embeddable":true,"href":"https:\/\/manitascordoba.com\/index.php\/wp-json\/wp\/v2\/users\/1"}],"replies":[{"embeddable":true,"href":"https:\/\/manitascordoba.com\/index.php\/wp-json\/wp\/v2\/comments?post=14908"}],"version-history":[{"count":20,"href":"https:\/\/manitascordoba.com\/index.php\/wp-json\/wp\/v2\/pages\/14908\/revisions"}],"predecessor-version":[{"id":14954,"href":"https:\/\/manitascordoba.com\/index.php\/wp-json\/wp\/v2\/pages\/14908\/revisions\/14954"}],"wp:attachment":[{"href":"https:\/\/manitascordoba.com\/index.php\/wp-json\/wp\/v2\/media?parent=14908"}],"curies":[{"name":"wp","href":"https:\/\/api.w.org\/{rel}","templated":true}]}}