{"id":529,"date":"2015-04-20T11:50:56","date_gmt":"2015-04-20T11:50:56","guid":{"rendered":"http:\/\/welfare.cmsmasters.net\/?page_id=529"},"modified":"2021-04-16T19:32:49","modified_gmt":"2021-04-16T19:32:49","slug":"quienes-somos","status":"publish","type":"page","link":"https:\/\/manitascordoba.com\/index.php\/quienes-somos\/","title":{"rendered":"Quienes somos"},"content":{"rendered":"<div id=\"cmsmasters_row_lcpz1a3smm\" class=\"cmsmasters_row cmsmasters_color_scheme_default cmsmasters_row_top_default cmsmasters_row_bot_default cmsmasters_row_boxed\">\n<div class=\"cmsmasters_row_outer_parent\">\n<div class=\"cmsmasters_row_outer\">\n<div class=\"cmsmasters_row_inner\">\n<div class=\"cmsmasters_row_margin\">\n<div id=\"cmsmasters_column_6x6karwfj\" class=\"cmsmasters_column one_half\">\n<div class=\"cmsmasters_column_inner\"><div class=\"cmsmasters_img  cmsmasters_image_n\"><img src=\"https:\/\/manitascordoba.com\/wp-content\/uploads\/2021\/04\/Fachada-ultima.jpg\" \/><\/div>\n<\/div><\/div>\n<div id=\"cmsmasters_column_9u2u5frld\" class=\"cmsmasters_column one_half\">\n<div class=\"cmsmasters_column_inner\"><div id=\"cmsmasters_heading_9kjdz356rm\" class=\"cmsmasters_heading_wrap cmsmasters_heading_align_center\">\n\t<h4 class=\"cmsmasters_heading\">Nuestra Tienda<\/h4>\n<\/div><div id=\"cmsmasters_heading_rk9ga78o4m\" class=\"cmsmasters_heading_wrap cmsmasters_heading_align_center\">\n\t<h2 class=\"cmsmasters_heading\">Sobre nosotros&#8230;<\/h2>\n<\/div><div class=\"cmsmasters_text\">\n<p style=\"text-align: center;\">M\u00e1s de 20 a\u00f1os de experiencia y la recomendaci\u00f3n de nuestros felices clientes nos avalan. Nos encantar\u00eda que fueses uno de nuestros nuevos felices clientes, \u00bfnos das la oportunidad?<\/p>\n<\/div>\n<div id=\"cmsmasters_divider_kwxu3c8avt\" class=\"cl\"><\/div>\n<div id=\"cmsmasters_button_eenbikvl0w\" class=\"button_wrap\"><a href=\"https:\/\/manitascordoba.com\/index.php\/servicios\/\" class=\"cmsmasters_button\"><span>Conoce nuestros servicios<\/span><\/a><\/div>\n<\/div><\/div>\n<\/div>\n<\/div>\n<\/div>\n<\/div>\n<\/div>\n<div id=\"cmsmasters_row_lp1yk6zpsw\" class=\"cmsmasters_row cmsmasters_color_scheme_default cmsmasters_row_top_default cmsmasters_row_bot_default cmsmasters_row_boxed\">\n<div class=\"cmsmasters_row_outer_parent\">\n<div class=\"cmsmasters_row_outer\">\n<div class=\"cmsmasters_row_inner\">\n<div class=\"cmsmasters_row_margin\">\n<div id=\"cmsmasters_column_2n22amwdqo\" class=\"cmsmasters_column one_first\">\n<div class=\"cmsmasters_column_inner\"><div id=\"cmsmasters_heading_7a9f9rtny8\" class=\"cmsmasters_heading_wrap cmsmasters_heading_align_center\">\n\t<h4 class=\"cmsmasters_heading\">Bienvenido a nuestra web<\/h4>\n<\/div><div id=\"cmsmasters_heading_4f09pbfszk\" class=\"cmsmasters_heading_wrap cmsmasters_heading_align_center\">\n\t<h2 class=\"cmsmasters_heading\">Lo que nos hace especiales<\/h2>\n<\/div><div class=\"cmsmasters_text\">\n<p style=\"text-align: center;\">\u00a1Con\u00f3cenos un poquito m\u00e1s!<\/p>\n<\/div>\n<div id=\"cmsmasters_divider_mygbhg0lcf\" class=\"cl\"><\/div>\n<\/div><\/div>\n<\/div>\n<\/div>\n<div class=\"cmsmasters_row_inner\">\n<div class=\"cmsmasters_row_margin\">\n<div id=\"cmsmasters_column_ldhrewslc5\" class=\"cmsmasters_column one_half\">\n<div class=\"cmsmasters_column_inner\"><div id=\"cmsmasters_icon_box_fu2ttopcg\" class=\"cmsmasters_icon_box cmsmasters_icon_box_left_top box_icon_type_icon cmsmasters-icon-user-group\">\n<div class=\"icon_box_inner\">\n<h4 class=\"icon_box_heading\">Experiencia Personalizada<\/h4>\n<div class=\"icon_box_text\">\n<p>Pensamos que el secreto de hacer un buen trabajo es la satisfacci\u00f3n del cliente por ello, realizamos el trabajo como si fuese nuestra propia casa.<\/p>\n<\/div>\n<\/div>\n<\/div>\n<div id=\"cmsmasters_divider_e1feml78p1\" class=\"cl\"><\/div>\n<div id=\"cmsmasters_icon_box_e4ben10nc9\" class=\"cmsmasters_icon_box cmsmasters_icon_box_left_top box_icon_type_icon cmsmasters-icon-wallet-1\">\n<div class=\"icon_box_inner\">\n<h4 class=\"icon_box_heading\">Precios Asequibles<\/h4>\n<div class=\"icon_box_text\">\n<p>Trabajamos duro para hacer un buen trabajo y, adem\u00e1s, tenemos precios econ\u00f3micos, \u00bfa\u00fan no est\u00e1s marcando nuestro n\u00famero? \u00a1\u00bfA qu\u00e9 esperas!?<\/p>\n<\/div>\n<\/div>\n<\/div>\n<\/div><\/div>\n<div id=\"cmsmasters_column_dqxtsbcorf\" class=\"cmsmasters_column one_half\">\n<div class=\"cmsmasters_column_inner\"><div id=\"cmsmasters_icon_box_0ijosaxotw\" class=\"cmsmasters_icon_box cmsmasters_icon_box_left_top box_icon_type_icon cmsmasters-icon-gift-3\">\n<div class=\"icon_box_inner\">\n<h4 class=\"icon_box_heading\">Calidad<\/h4>\n<div class=\"icon_box_text\">\n<p>Personal profesional y cualificado realizar\u00e1 el trabajo contratado y, si te surgen dudas, estar\u00e1n encantados de poder resolverlas. \u00a1\u00a1Ll\u00e1manos sin compromiso!!<\/p>\n<\/div>\n<\/div>\n<\/div>\n<div id=\"cmsmasters_divider_y3og4f1if\" class=\"cl\"><\/div>\n<div id=\"cmsmasters_icon_box_2rohymw9le\" class=\"cmsmasters_icon_box cmsmasters_icon_box_left_top box_icon_type_icon cmsmasters-icon-time\">\n<div class=\"icon_box_inner\">\n<h4 class=\"icon_box_heading\">Adaptabilidad<\/h4>\n<div class=\"icon_box_text\">\n<p>Sabemos la complicaci\u00f3n que conlleva tener que estar en casa para que realicemos el trabajo pero, no te preocupes, \u00a1nos adaptamos a tus horarios para hacerlo todo m\u00e1s f\u00e1cil!<\/p>\n<\/div>\n<\/div>\n<\/div>\n<\/div><\/div>\n<\/div>\n<\/div>\n<\/div>\n<\/div>\n<\/div>\n<div id=\"cmsmasters_row_qygjjl68ep\" class=\"cmsmasters_row cmsmasters_color_scheme_default cmsmasters_row_top_default cmsmasters_row_bot_default cmsmasters_row_boxed\">\n<div class=\"cmsmasters_row_outer_parent\">\n<div class=\"cmsmasters_row_outer\">\n<div class=\"cmsmasters_row_inner\">\n<div class=\"cmsmasters_row_margin\">\n<div id=\"cmsmasters_column_owihifixuv\" class=\"cmsmasters_column one_half\">\n<div class=\"cmsmasters_column_inner\"><div class=\"cmsmasters_text\">\n<div class=\"cmsmasters_text\">\n<h4><em><span style=\"color: #0f3664; font-size: 28px; line-height: 40px; font-weight: normal;\"><span style=\"color: #0f3664; font-weight: normal;\">Tu <\/span><strong style=\"color: #0f3664; font-weight: bold;\">Tiempo<\/strong>\u00a0<\/span><span style=\"color: #0f3664; font-size: 28px; line-height: 40px; font-weight: normal;\"><span style=\"color: #0f3664; font-weight: normal;\">es Oro<\/span><\/span><span style=\"color: #0f3664; font-size: 28px; line-height: 40px; font-weight: normal;\"><strong style=\"color: #0f3664; font-weight: normal;\">.<\/strong><span style=\"color: #0f3664;\"><span style=\"font-weight: normal;\"> Invierte en <\/span><\/span><strong style=\"color: #0f3664; font-weight: bold;\">Ti. <\/strong>Conf\u00eda en<strong style=\"color: #0f3664; font-weight: bold;\"> Nosotros<\/strong><\/span><\/em><\/h4>\n<\/div>\n<\/div>\n<\/div><\/div>\n<div id=\"cmsmasters_column_io6lr5ivfm\" class=\"cmsmasters_column one_half\">\n<div class=\"cmsmasters_column_inner\"><div id=\"cmsmasters_button_xq1utpq5s3\" class=\"button_wrap\"><a href=\"https:\/\/manitascordoba.com\/index.php\/contacto\/\" class=\"cmsmasters_button\"><span>Pedir presupuesto<\/span><\/a><\/div>\n<\/div><\/div>\n<\/div>\n<\/div>\n<\/div>\n<\/div>\n<\/div>\n<div id=\"cmsmasters_row_r5y3wxfdkz\" class=\"cmsmasters_row cmsmasters_color_scheme_default cmsmasters_row_top_default cmsmasters_row_bot_default cmsmasters_row_boxed\">\n<div class=\"cmsmasters_row_outer_parent\">\n<div class=\"cmsmasters_row_outer\">\n<div class=\"cmsmasters_row_inner\">\n<div class=\"cmsmasters_row_margin\">\n<div id=\"cmsmasters_column_1mhjqm7upv\" class=\"cmsmasters_column one_first\">\n<div class=\"cmsmasters_column_inner\"><div class=\"cmsmasters_quotes_slider_wrap\">\n<div id=\"cmsmasters_quotes_slider_qzm141y1wc\" class=\"cmsmasters_owl_slider owl-carousel cmsmasters_quotes cmsmasters_quotes_slider\" data-auto-play=\"5000\"><div class=\"cmsmasters_quote cmsmasters_owl_slider_item\">\n<!-- Start Quote Slider Article  -->\r\n<article class=\"cmsmasters_quote_inner\">\r\n<figure class=\"cmsmasters_quote_image\"><img width=\"60\" height=\"60\" src=\"https:\/\/manitascordoba.com\/wp-content\/uploads\/2021\/04\/abundance.png\" class=\"attachment-cmsmasters-blog-masonry-thumb size-cmsmasters-blog-masonry-thumb\" alt=\"Abundance opinion\" loading=\"lazy\" \/><\/figure><div class=\"cmsmasters_quote_block\"><header class=\"cmsmasters_quote_header\"><h3 class=\"cmsmasters_quote_title\">Abundance Spa Urbano<\/h3><\/header><div class=\"cmsmasters_quote_content\">\n<p>Para m\u00ed los Mejores!!! Son resolutivos, atentos y por el tipo de instalaci\u00f3n que tengo tienen que ser muy r\u00e1pidos en el servicio y cumplen con los tiempos siempre, nunca me fallan. De total confianza \ud83e\udd17. Los recomiendo 100%.<\/p>\n<\/div><\/div><\/article>\r\n<!-- Finish Quote Slider Article  -->\r\n\r\n<\/div>\n<div class=\"cmsmasters_quote cmsmasters_owl_slider_item\">\n<!-- Start Quote Slider Article  -->\r\n<article class=\"cmsmasters_quote_inner\">\r\n<figure class=\"cmsmasters_quote_image\"><img width=\"60\" height=\"60\" src=\"https:\/\/manitascordoba.com\/wp-content\/uploads\/2021\/04\/rafi.png\" class=\"attachment-cmsmasters-blog-masonry-thumb size-cmsmasters-blog-masonry-thumb\" alt=\"Rafi opinion\" loading=\"lazy\" \/><\/figure><div class=\"cmsmasters_quote_block\"><header class=\"cmsmasters_quote_header\"><h3 class=\"cmsmasters_quote_title\">Rafi Aguilar Castro<\/h3><\/header><div class=\"cmsmasters_quote_content\">\n<p>Gracias por su asesoramiento. Estamos muy satisfechas con su trabajo.<\/p>\n<\/div><\/div><\/article>\r\n<!-- Finish Quote Slider Article  -->\r\n\r\n<\/div>\n<div class=\"cmsmasters_quote cmsmasters_owl_slider_item\">\n<!-- Start Quote Slider Article  -->\r\n<article class=\"cmsmasters_quote_inner\">\r\n<figure class=\"cmsmasters_quote_image\"><img width=\"60\" height=\"60\" src=\"https:\/\/manitascordoba.com\/wp-content\/uploads\/2021\/04\/juan.png\" class=\"attachment-cmsmasters-blog-masonry-thumb size-cmsmasters-blog-masonry-thumb\" alt=\"Juan opinion\" loading=\"lazy\" \/><\/figure><div class=\"cmsmasters_quote_block\"><header class=\"cmsmasters_quote_header\"><h3 class=\"cmsmasters_quote_title\">Juan Triguero<\/h3><\/header><div class=\"cmsmasters_quote_content\">\n<p>R\u00e1pido y eficaz.<\/p>\n<\/div><\/div><\/article>\r\n<!-- Finish Quote Slider Article  -->\r\n\r\n<\/div>\n<div class=\"cmsmasters_quote cmsmasters_owl_slider_item\">\n<!-- Start Quote Slider Article  -->\r\n<article class=\"cmsmasters_quote_inner\">\r\n<figure class=\"cmsmasters_quote_image\"><img width=\"244\" height=\"207\" src=\"https:\/\/manitascordoba.com\/wp-content\/uploads\/2021\/04\/mari-carmen.jpeg\" class=\"attachment-cmsmasters-blog-masonry-thumb size-cmsmasters-blog-masonry-thumb\" alt=\"Mari Carmen opinion\" loading=\"lazy\" \/><\/figure><div class=\"cmsmasters_quote_block\"><header class=\"cmsmasters_quote_header\"><h3 class=\"cmsmasters_quote_title\">Mari Carmen<\/h3><\/header><div class=\"cmsmasters_quote_content\">\n<p>Muy buena atenci\u00f3n y muy contenta con el trato. No estaba muy segura de c\u00f3mo hacer la reforma, me asesoraron, el trabajo r\u00e1pido y limpio y muy bien de precio. Recomiendo 100%.<\/p>\n<\/div><\/div><\/article>\r\n<!-- Finish Quote Slider Article  -->\r\n\r\n<\/div>\n<\/div>\n<\/div>\n<\/div><\/div>\n<\/div>\n<\/div>\n<\/div>\n<\/div>\n<\/div>\n\n","protected":false},"excerpt":{"rendered":"","protected":false},"author":1,"featured_media":0,"parent":0,"menu_order":0,"comment_status":"closed","ping_status":"closed","template":"","meta":[],"yoast_head":"<!-- This site is optimized with the Yoast SEO plugin v19.4 - https:\/\/yoast.com\/wordpress\/plugins\/seo\/ -->\n<title>Quienes somos<\/title>\n<meta name=\"description\" content=\"Empresa de multiservicios-manitas en C\u00f3rdoba. Reformas de cocina y ba\u00f1o, instalaciones el\u00e9ctricas, persianas, montaje y desmontaje de muebles\" \/>\n<meta name=\"robots\" content=\"index, follow, max-snippet:-1, max-image-preview:large, max-video-preview:-1\" \/>\n<link rel=\"canonical\" href=\"https:\/\/manitascordoba.com\/index.php\/quienes-somos\/\" \/>\n<meta property=\"og:locale\" content=\"es_ES\" \/>\n<meta property=\"og:type\" content=\"article\" \/>\n<meta property=\"og:title\" content=\"Quienes somos\" \/>\n<meta property=\"og:description\" content=\"Empresa de multiservicios-manitas en C\u00f3rdoba. Reformas de cocina y ba\u00f1o, instalaciones el\u00e9ctricas, persianas, montaje y desmontaje de muebles\" \/>\n<meta property=\"og:url\" content=\"https:\/\/manitascordoba.com\/index.php\/quienes-somos\/\" \/>\n<meta property=\"og:site_name\" content=\"Manitas C\u00f3rdoba\" \/>\n<meta property=\"article:publisher\" content=\"https:\/\/www.facebook.com\/Manitas-C%c3%b3rdoba-101867028711573\" \/>\n<meta property=\"article:modified_time\" content=\"2021-04-16T19:32:49+00:00\" \/>\n<meta property=\"og:image\" content=\"https:\/\/manitascordoba.com\/wp-content\/uploads\/2021\/04\/cropped-favicon.png\" \/>\n\t<meta property=\"og:image:width\" content=\"512\" \/>\n\t<meta property=\"og:image:height\" content=\"512\" \/>\n\t<meta property=\"og:image:type\" content=\"image\/png\" \/>\n<meta name=\"twitter:card\" content=\"summary_large_image\" \/>\n<meta name=\"twitter:label1\" content=\"Tiempo de lectura\" \/>\n\t<meta name=\"twitter:data1\" content=\"4 minutos\" \/>\n<script type=\"application\/ld+json\" class=\"yoast-schema-graph\">{\"@context\":\"https:\/\/schema.org\",\"@graph\":[{\"@type\":\"Organization\",\"@id\":\"https:\/\/manitascordoba.com\/#organization\",\"name\":\"Manitas C\u00f3rdoba\",\"url\":\"https:\/\/manitascordoba.com\/\",\"sameAs\":[\"https:\/\/www.facebook.com\/Manitas-C\u00f3rdoba-101867028711573\"],\"logo\":{\"@type\":\"ImageObject\",\"inLanguage\":\"es\",\"@id\":\"https:\/\/manitascordoba.com\/#\/schema\/logo\/image\/\",\"url\":\"https:\/\/manitascordoba.com\/wp-content\/uploads\/2021\/03\/logo-web-rs-1.png\",\"contentUrl\":\"https:\/\/manitascordoba.com\/wp-content\/uploads\/2021\/03\/logo-web-rs-1.png\",\"width\":500,\"height\":108,\"caption\":\"Manitas C\u00f3rdoba\"},\"image\":{\"@id\":\"https:\/\/manitascordoba.com\/#\/schema\/logo\/image\/\"}},{\"@type\":\"WebSite\",\"@id\":\"https:\/\/manitascordoba.com\/#website\",\"url\":\"https:\/\/manitascordoba.com\/\",\"name\":\"Manitas C\u00f3rdoba\",\"description\":\"Profesionales para reformas, instalaciones de placas solares fotovoltaicas, climatizaci\u00f3n del hogar y multiservicios (servicio de manitas). Desde montar un mueble o cambiar un enchufe hasta reformar tu ba\u00f1o o cocina. \u00a1Pide presupuesto sin compromiso!\",\"publisher\":{\"@id\":\"https:\/\/manitascordoba.com\/#organization\"},\"potentialAction\":[{\"@type\":\"SearchAction\",\"target\":{\"@type\":\"EntryPoint\",\"urlTemplate\":\"https:\/\/manitascordoba.com\/?s={search_term_string}\"},\"query-input\":\"required name=search_term_string\"}],\"inLanguage\":\"es\"},{\"@type\":\"WebPage\",\"@id\":\"https:\/\/manitascordoba.com\/index.php\/quienes-somos\/\",\"url\":\"https:\/\/manitascordoba.com\/index.php\/quienes-somos\/\",\"name\":\"Quienes somos\",\"isPartOf\":{\"@id\":\"https:\/\/manitascordoba.com\/#website\"},\"datePublished\":\"2015-04-20T11:50:56+00:00\",\"dateModified\":\"2021-04-16T19:32:49+00:00\",\"description\":\"Empresa de multiservicios-manitas en C\u00f3rdoba. Reformas de cocina y ba\u00f1o, instalaciones el\u00e9ctricas, persianas, montaje y desmontaje de muebles\",\"breadcrumb\":{\"@id\":\"https:\/\/manitascordoba.com\/index.php\/quienes-somos\/#breadcrumb\"},\"inLanguage\":\"es\",\"potentialAction\":[{\"@type\":\"ReadAction\",\"target\":[\"https:\/\/manitascordoba.com\/index.php\/quienes-somos\/\"]}]},{\"@type\":\"BreadcrumbList\",\"@id\":\"https:\/\/manitascordoba.com\/index.php\/quienes-somos\/#breadcrumb\",\"itemListElement\":[{\"@type\":\"ListItem\",\"position\":1,\"name\":\"Inicio\",\"item\":\"https:\/\/manitascordoba.com\/\"},{\"@type\":\"ListItem\",\"position\":2,\"name\":\"Quienes somos\"}]}]}<\/script>\n<!-- \/ Yoast SEO plugin. -->","yoast_head_json":{"title":"Quienes somos","description":"Empresa de multiservicios-manitas en C\u00f3rdoba. Reformas de cocina y ba\u00f1o, instalaciones el\u00e9ctricas, persianas, montaje y desmontaje de muebles","robots":{"index":"index","follow":"follow","max-snippet":"max-snippet:-1","max-image-preview":"max-image-preview:large","max-video-preview":"max-video-preview:-1"},"canonical":"https:\/\/manitascordoba.com\/index.php\/quienes-somos\/","og_locale":"es_ES","og_type":"article","og_title":"Quienes somos","og_description":"Empresa de multiservicios-manitas en C\u00f3rdoba. Reformas de cocina y ba\u00f1o, instalaciones el\u00e9ctricas, persianas, montaje y desmontaje de muebles","og_url":"https:\/\/manitascordoba.com\/index.php\/quienes-somos\/","og_site_name":"Manitas C\u00f3rdoba","article_publisher":"https:\/\/www.facebook.com\/Manitas-C%c3%b3rdoba-101867028711573","article_modified_time":"2021-04-16T19:32:49+00:00","og_image":[{"width":512,"height":512,"url":"https:\/\/manitascordoba.com\/wp-content\/uploads\/2021\/04\/cropped-favicon.png","type":"image\/png"}],"twitter_card":"summary_large_image","twitter_misc":{"Tiempo de lectura":"4 minutos"},"schema":{"@context":"https:\/\/schema.org","@graph":[{"@type":"Organization","@id":"https:\/\/manitascordoba.com\/#organization","name":"Manitas C\u00f3rdoba","url":"https:\/\/manitascordoba.com\/","sameAs":["https:\/\/www.facebook.com\/Manitas-C\u00f3rdoba-101867028711573"],"logo":{"@type":"ImageObject","inLanguage":"es","@id":"https:\/\/manitascordoba.com\/#\/schema\/logo\/image\/","url":"https:\/\/manitascordoba.com\/wp-content\/uploads\/2021\/03\/logo-web-rs-1.png","contentUrl":"https:\/\/manitascordoba.com\/wp-content\/uploads\/2021\/03\/logo-web-rs-1.png","width":500,"height":108,"caption":"Manitas C\u00f3rdoba"},"image":{"@id":"https:\/\/manitascordoba.com\/#\/schema\/logo\/image\/"}},{"@type":"WebSite","@id":"https:\/\/manitascordoba.com\/#website","url":"https:\/\/manitascordoba.com\/","name":"Manitas C\u00f3rdoba","description":"Profesionales para reformas, instalaciones de placas solares fotovoltaicas, climatizaci\u00f3n del hogar y multiservicios (servicio de manitas). Desde montar un mueble o cambiar un enchufe hasta reformar tu ba\u00f1o o cocina. \u00a1Pide presupuesto sin compromiso!","publisher":{"@id":"https:\/\/manitascordoba.com\/#organization"},"potentialAction":[{"@type":"SearchAction","target":{"@type":"EntryPoint","urlTemplate":"https:\/\/manitascordoba.com\/?s={search_term_string}"},"query-input":"required name=search_term_string"}],"inLanguage":"es"},{"@type":"WebPage","@id":"https:\/\/manitascordoba.com\/index.php\/quienes-somos\/","url":"https:\/\/manitascordoba.com\/index.php\/quienes-somos\/","name":"Quienes somos","isPartOf":{"@id":"https:\/\/manitascordoba.com\/#website"},"datePublished":"2015-04-20T11:50:56+00:00","dateModified":"2021-04-16T19:32:49+00:00","description":"Empresa de multiservicios-manitas en C\u00f3rdoba. Reformas de cocina y ba\u00f1o, instalaciones el\u00e9ctricas, persianas, montaje y desmontaje de muebles","breadcrumb":{"@id":"https:\/\/manitascordoba.com\/index.php\/quienes-somos\/#breadcrumb"},"inLanguage":"es","potentialAction":[{"@type":"ReadAction","target":["https:\/\/manitascordoba.com\/index.php\/quienes-somos\/"]}]},{"@type":"BreadcrumbList","@id":"https:\/\/manitascordoba.com\/index.php\/quienes-somos\/#breadcrumb","itemListElement":[{"@type":"ListItem","position":1,"name":"Inicio","item":"https:\/\/manitascordoba.com\/"},{"@type":"ListItem","position":2,"name":"Quienes somos"}]}]}},"_links":{"self":[{"href":"https:\/\/manitascordoba.com\/index.php\/wp-json\/wp\/v2\/pages\/529"}],"collection":[{"href":"https:\/\/manitascordoba.com\/index.php\/wp-json\/wp\/v2\/pages"}],"about":[{"href":"https:\/\/manitascordoba.com\/index.php\/wp-json\/wp\/v2\/types\/page"}],"author":[{"embeddable":true,"href":"https:\/\/manitascordoba.com\/index.php\/wp-json\/wp\/v2\/users\/1"}],"replies":[{"embeddable":true,"href":"https:\/\/manitascordoba.com\/index.php\/wp-json\/wp\/v2\/comments?post=529"}],"version-history":[{"count":73,"href":"https:\/\/manitascordoba.com\/index.php\/wp-json\/wp\/v2\/pages\/529\/revisions"}],"predecessor-version":[{"id":14867,"href":"https:\/\/manitascordoba.com\/index.php\/wp-json\/wp\/v2\/pages\/529\/revisions\/14867"}],"wp:attachment":[{"href":"https:\/\/manitascordoba.com\/index.php\/wp-json\/wp\/v2\/media?parent=529"}],"curies":[{"name":"wp","href":"https:\/\/api.w.org\/{rel}","templated":true}]}}